{"id":23,"date":"2022-09-20T11:55:05","date_gmt":"2022-09-20T11:55:05","guid":{"rendered":"https:\/\/fastwpdemo.com\/newwp\/ticrou\/?page_id=23"},"modified":"2024-10-07T16:46:49","modified_gmt":"2024-10-07T16:46:49","slug":"groups","status":"publish","type":"page","link":"https:\/\/thai.pt\/pt\/groups\/","title":{"rendered":"Grupos"},"content":{"rendered":"<div data-elementor-type=\"wp-page\" data-elementor-id=\"23\" class=\"elementor elementor-23\" data-elementor-post-type=\"page\">\n\t\t\t\t\t\t<section class=\"elementor-section elementor-top-section elementor-element elementor-element-27a197f elementor-section-full_width elementor-section-height-default elementor-section-height-default elementor-invisible\" data-id=\"27a197f\" data-element_type=\"section\" data-settings=\"{&quot;animation&quot;:&quot;fadeIn&quot;}\">\n\t\t\t\t\t\t<div class=\"elementor-container elementor-column-gap-default\">\n\t\t\t\t\t<div class=\"elementor-column elementor-col-100 elementor-top-column elementor-element elementor-element-35cf610\" data-id=\"35cf610\" data-element_type=\"column\">\n\t\t\t<div class=\"elementor-widget-wrap elementor-element-populated\">\n\t\t\t\t\t\t<div class=\"elementor-element elementor-element-013edf0 elementor-widget elementor-widget-ticrou_our_services_v1\" data-id=\"013edf0\" data-element_type=\"widget\" data-widget_type=\"ticrou_our_services_v1.default\">\n\t\t\t\t<div class=\"elementor-widget-container\">\n\t\t\t\t\t        \n        <!-- service-section -->\n        <section class=\"service-section service-page alternat-2 centred\">\n            <div class=\"pattern-layer\" style=\"background-image: url(https:\/\/thai.pt\/wp-content\/themes\/ticrou\/assets\/images\/shape\/shape-2.png);\"><\/div>            <div class=\"auto-container\">\n                                <div class=\"sec-title mb_50\">\n                    <span class=\"sub-title\">Celebra\u00e7\u00f5es Inesquec\u00edveis<\/span>                    <h2>Jantares de Grupo <br \/>no Thai Vilamoura<\/h2>                <\/div>\n                                <div class=\"row clearfix\">\n                                        <div class=\"col-lg-3 col-md-6 col-sm-12 service-block\">\n                        <div class=\"service-block-one wow fadeInUp animated\" data-wow-delay=\"00ms\" data-wow-duration=\"1500ms\">\n                            <div class=\"inner-box\">\n                                <div class=\"icon-box\"><i class=\"fa fa-birthday-cake\"><\/i><\/div>\n                                <h3><a href=\"https:\/\/thai.pt\/pt\/service\/birthdays-and-anniversaries\/\">Anivers\u00e1rios<\/a><\/h3>\n                                <p>Procura o local perfeito para celebrar o seu anivers\u00e1rio? \nNo Thai Vilamoura, transformamos cada comemora\u00e7\u00e3o num momento \u00fanico e inesquec\u00edvel...<\/p>\n                                <div class=\"btn-box\">\n                                    <a href=\"https:\/\/thai.pt\/pt\/service\/birthdays-and-anniversaries\/\" class=\"theme-btn-two\">Read more<\/a>\n                                <\/div>\n                            <\/div>\n                        <\/div>\n                    <\/div>\n                                        <div class=\"col-lg-3 col-md-6 col-sm-12 service-block\">\n                        <div class=\"service-block-one wow fadeInUp animated\" data-wow-delay=\"00ms\" data-wow-duration=\"1500ms\">\n                            <div class=\"inner-box\">\n                                <div class=\"icon-box\"><i class=\"fa fa-heart-circle\"><\/i><\/div>\n                                <h3><a href=\"https:\/\/thai.pt\/pt\/service\/family-gatherings\/\">Grupos Familiares<\/a><\/h3>\n                                <p>No Thai Vilamoura, valorizamos a import\u00e2ncia da fam\u00edlia. Quer esteja a celebrar uma reuni\u00e3o familiar, um marco especial...<\/p>\n                                <div class=\"btn-box\">\n                                    <a href=\"https:\/\/thai.pt\/pt\/service\/family-gatherings\/\" class=\"theme-btn-two\">Read more<\/a>\n                                <\/div>\n                            <\/div>\n                        <\/div>\n                    <\/div>\n                                        <div class=\"col-lg-3 col-md-6 col-sm-12 service-block\">\n                        <div class=\"service-block-one wow fadeInUp animated\" data-wow-delay=\"00ms\" data-wow-duration=\"1500ms\">\n                            <div class=\"inner-box\">\n                                <div class=\"icon-box\"><i class=\"fa fa-glass-cheers\"><\/i><\/div>\n                                <h3><a href=\"https:\/\/thai.pt\/pt\/service\/friends-gatherings\/\">Grupos de Amigos<\/a><\/h3>\n                                <p>Procura o local ideal para reunir os seus amigos? Seja um encontro casual ou uma celebra\u00e7\u00e3o especial, o Thai Vilamoura oferece o cen\u00e1rio perfeito...<\/p>\n                                <div class=\"btn-box\">\n                                    <a href=\"https:\/\/thai.pt\/pt\/service\/friends-gatherings\/\" class=\"theme-btn-two\">Read more<\/a>\n                                <\/div>\n                            <\/div>\n                        <\/div>\n                    <\/div>\n                                        <div class=\"col-lg-3 col-md-6 col-sm-12 service-block\">\n                        <div class=\"service-block-one wow fadeInUp animated\" data-wow-delay=\"00ms\" data-wow-duration=\"1500ms\">\n                            <div class=\"inner-box\">\n                                <div class=\"icon-box\"><i class=\"icon-21\"><\/i><\/div>\n                                <h3><a href=\"https:\/\/thai.pt\/pt\/service\/corporate-groups\/\">Grupos Corporativos<\/a><\/h3>\n                                <p>No Thai Vilamoura, somos especialistas em organizar eventos corporativos inesquec\u00edveis. Seja um jantar de team building, uma reuni\u00e3o de neg\u00f3cios ou uma celebra\u00e7\u00e3o...<\/p>\n                                <div class=\"btn-box\">\n                                    <a href=\"https:\/\/thai.pt\/pt\/service\/corporate-groups\/\" class=\"theme-btn-two\">Read more<\/a>\n                                <\/div>\n                            <\/div>\n                        <\/div>\n                    <\/div>\n                                        <div class=\"col-lg-3 col-md-6 col-sm-12 service-block\">\n                        <div class=\"service-block-one wow fadeInUp animated\" data-wow-delay=\"00ms\" data-wow-duration=\"1500ms\">\n                            <div class=\"inner-box\">\n                                <div class=\"icon-box\"><i class=\"fa fa-tree-christmas\"><\/i><\/div>\n                                <h3><a href=\"https:\/\/thai.pt\/pt\/service\/christmas-dinner-group\/\">Grupos para Jantar de Natal<\/a><\/h3>\n                                <p>Celebre a \u00e9poca festiva com estilo, com um jantar de grupo no Thai Vilamoura. Quer esteja a reunir colegas, fam\u00edlia ou amigos, oferecemos...<\/p>\n                                <div class=\"btn-box\">\n                                    <a href=\"https:\/\/thai.pt\/pt\/service\/christmas-dinner-group\/\" class=\"theme-btn-two\">Read more<\/a>\n                                <\/div>\n                            <\/div>\n                        <\/div>\n                    <\/div>\n                                        <div class=\"col-lg-3 col-md-6 col-sm-12 service-block\">\n                        <div class=\"service-block-one wow fadeInUp animated\" data-wow-delay=\"00ms\" data-wow-duration=\"1500ms\">\n                            <div class=\"inner-box\">\n                                <div class=\"icon-box\"><i class=\"fa fa-clock\"><\/i><\/div>\n                                <h3><a href=\"https:\/\/thai.pt\/pt\/service\/new-years-eve-dinner\/\">Jantar de Reveillon<\/a><\/h3>\n                                <p>D\u00ea as boas-vindas ao novo ano com uma experi\u00eancia gastron\u00f3mica inesquec\u00edvel no Thai Vilamoura. O nosso jantar especial de Fim de Ano \u00e9 pensado para quem...<\/p>\n                                <div class=\"btn-box\">\n                                    <a href=\"https:\/\/thai.pt\/pt\/service\/new-years-eve-dinner\/\" class=\"theme-btn-two\">Read more<\/a>\n                                <\/div>\n                            <\/div>\n                        <\/div>\n                    <\/div>\n                                    <\/div>\n            <\/div>\n        <\/section>\n        <!-- service-section end -->\n  \n\t\t\t\t\t\t<\/div>\n\t\t\t\t<\/div>\n\t\t\t\t\t<\/div>\n\t\t<\/div>\n\t\t\t\t\t<\/div>\n\t\t<\/section>\n\t\t\t\t<section class=\"elementor-section elementor-top-section elementor-element elementor-element-a22c290 elementor-section-full_width elementor-section-height-default elementor-section-height-default elementor-invisible\" data-id=\"a22c290\" data-element_type=\"section\" data-settings=\"{&quot;animation&quot;:&quot;fadeInUp&quot;}\">\n\t\t\t\t\t\t<div class=\"elementor-container elementor-column-gap-default\">\n\t\t\t\t\t<div class=\"elementor-column elementor-col-100 elementor-top-column elementor-element elementor-element-57c9e4e\" data-id=\"57c9e4e\" data-element_type=\"column\">\n\t\t\t<div class=\"elementor-widget-wrap elementor-element-populated\">\n\t\t\t\t\t\t<div class=\"elementor-element elementor-element-7acbdb3 elementor-widget elementor-widget-menu-anchor\" data-id=\"7acbdb3\" data-element_type=\"widget\" data-widget_type=\"menu-anchor.default\">\n\t\t\t\t<div class=\"elementor-widget-container\">\n\t\t\t\t\t\t\t<div class=\"elementor-menu-anchor\" id=\"groupreservations\"><\/div>\n\t\t\t\t\t\t<\/div>\n\t\t\t\t<\/div>\n\t\t\t\t<div class=\"elementor-element elementor-element-969d0ec elementor-widget elementor-widget-ticrou_contact_us_v1\" data-id=\"969d0ec\" data-element_type=\"widget\" data-widget_type=\"ticrou_contact_us_v1.default\">\n\t\t\t\t<div class=\"elementor-widget-container\">\n\t\t\t\t\t    \n    <!-- order-section -->\n    <section class=\"order-section reservation-page bg-color-2\">\n                        <div class=\"shape\">\n            <div class=\"shape-1\" style=\"background-image: url(https:\/\/thai.pt\/wp-content\/themes\/ticrou\/assets\/images\/shape\/shape-15.png);\"><\/div>\n            <div class=\"shape-2\" style=\"background-image: url(https:\/\/thai.pt\/wp-content\/themes\/ticrou\/assets\/images\/shape\/shape-16.png);\"><\/div>\n            <div class=\"shape-3\" style=\"background-image: url(https:\/\/thai.pt\/wp-content\/themes\/ticrou\/assets\/images\/shape\/shape-17.png);\"><\/div>\n            <div class=\"shape-4\" style=\"background-image: url(https:\/\/thai.pt\/wp-content\/themes\/ticrou\/assets\/images\/shape\/shape-18.png);\"><\/div>\n        <\/div>\n                <div class=\"auto-container\">\n                        <div class=\"sec-title centred mb_50\">\n                <span class=\"sub-title\">Reserva de Grupos<\/span>                <h2>Contate-nos<br \/>para Reserva de Grupo<\/h2>            <\/div>\n                                    <div class=\"form-inner\">\n                \n<div class=\"wpcf7 no-js\" id=\"wpcf7-f968-o1\" lang=\"en-US\" dir=\"ltr\" data-wpcf7-id=\"968\">\n<div class=\"screen-reader-response\"><p role=\"status\" aria-live=\"polite\" aria-atomic=\"true\"><\/p> <ul><\/ul><\/div>\n<form action=\"\/pt\/wp-json\/wp\/v2\/pages\/23#wpcf7-f968-o1\" method=\"post\" class=\"wpcf7-form init\" aria-label=\"Contact form\" novalidate=\"novalidate\" data-status=\"init\" data-trp-original-action=\"\/pt\/wp-json\/wp\/v2\/pages\/23#wpcf7-f968-o1\">\n<fieldset class=\"hidden-fields-container\"><input type=\"hidden\" name=\"_wpcf7\" value=\"968\" \/><input type=\"hidden\" name=\"_wpcf7_version\" value=\"6.1.3\" \/><input type=\"hidden\" name=\"_wpcf7_locale\" value=\"en_US\" \/><input type=\"hidden\" name=\"_wpcf7_unit_tag\" value=\"wpcf7-f968-o1\" \/><input type=\"hidden\" name=\"_wpcf7_container_post\" value=\"0\" \/><input type=\"hidden\" name=\"_wpcf7_posted_data_hash\" value=\"\" \/><input type=\"hidden\" name=\"_wpcf7_recaptcha_response\" value=\"\" \/>\n<\/fieldset>\n<div class=\"row clearfix\">\n\t<div class=\"col-lg-6 col-md-6 col-sm-12 form-group\">\n\t\t<p><span class=\"wpcf7-form-control-wrap\" data-name=\"FullName\"><input size=\"40\" maxlength=\"400\" class=\"wpcf7-form-control wpcf7-text wpcf7-validates-as-required\" aria-required=\"true\" aria-invalid=\"false\" placeholder=\"Nome\" value=\"\" type=\"text\" name=\"FullName\" \/><\/span>\n\t\t<\/p>\n\t<\/div>\n\t<div class=\"col-lg-6 col-md-6 col-sm-12 form-group\">\n\t\t<p><span class=\"wpcf7-form-control-wrap\" data-name=\"Email\"><input size=\"40\" maxlength=\"400\" class=\"wpcf7-form-control wpcf7-email wpcf7-validates-as-required wpcf7-text wpcf7-validates-as-email\" aria-required=\"true\" aria-invalid=\"false\" placeholder=\"Email\" value=\"\" type=\"email\" name=\"Email\" \/><\/span>\n\t\t<\/p>\n\t<\/div>\n\t<div class=\"col-lg-6 col-md-6 col-sm-12 form-group\">\n\t\t<p><span class=\"wpcf7-form-control-wrap\" data-name=\"Phone\"><input size=\"40\" maxlength=\"400\" class=\"wpcf7-form-control wpcf7-text wpcf7-validates-as-required\" aria-required=\"true\" aria-invalid=\"false\" placeholder=\"Telefone\" value=\"\" type=\"text\" name=\"Phone\" \/><\/span>\n\t\t<\/p>\n\t<\/div>\n\t<div class=\"col-lg-6 col-md-6 col-sm-12 form-group\">\n\t\t<div class=\"select-box\">\n\t\t\t<p><span class=\"wpcf7-form-control-wrap\" data-name=\"Motivo\"><select class=\"wpcf7-form-control wpcf7-select wpcf7-validates-as-required wide\" aria-required=\"true\" aria-invalid=\"false\" name=\"Motivo\"><option value=\"Birthday\/Anniversary\">Anivers\u00e1rio<\/option><option value=\"Family Group\">Grupo Familiar<\/option><option value=\"Friends Group\">Grupo de Amigos<\/option><option value=\"Corporate Group\">Grupo Corporativo<\/option><option value=\"Christmas Group\">Jantar de Natal de Empresa<\/option><option value=\"New Year&#039;s Eve\">New Year&#039;s Eve<\/option><\/select><\/span>\n\t\t\t<\/p>\n\t\t<\/div>\n\t<\/div>\n\t<div class=\"col-lg-6 col-md-6 col-sm-12 form-group\">\n\t\t<div class=\"select-box\">\n\t\t\t<p><span class=\"wpcf7-form-control-wrap\" data-name=\"Pessoas\"><select class=\"wpcf7-form-control wpcf7-select wpcf7-validates-as-required wide\" aria-required=\"true\" aria-invalid=\"false\" name=\"Pessoas\"><option value=\"Number of persons\">N\u00famero de pessoas<\/option><option value=\"5-8\">5-8<\/option><option value=\"9-11\">9-11<\/option><option value=\"12-15\">12-15<\/option><option value=\"16-20\">16-20<\/option><\/select><\/span>\n\t\t\t<\/p>\n\t\t<\/div>\n\t<\/div>\n\t<div class=\"col-lg-6 col-md-6 col-sm-12 form-group\">\n\t\t<div class=\"icon\">\n\t\t\t<p><i class=\"icon-13\"><\/i>\n\t\t\t<\/p>\n\t\t<\/div>\n\t\t<p><span class=\"wpcf7-form-control-wrap\" data-name=\"Data\"><input size=\"40\" maxlength=\"400\" class=\"wpcf7-form-control wpcf7-text wpcf7-validates-as-required\" id=\"datepicker\" aria-required=\"true\" aria-invalid=\"false\" placeholder=\"Data reserva\" value=\"\" type=\"text\" name=\"Data\" \/><\/span>\n\t\t<\/p>\n\t<\/div>\n\t<div class=\"col-lg-12 col-md-12 col-sm-12 form-group\">\n\t\t<p><span class=\"wpcf7-form-control-wrap\" data-name=\"PedidoEspecial\"><textarea cols=\"40\" rows=\"10\" maxlength=\"2000\" class=\"wpcf7-form-control wpcf7-textarea wpcf7-validates-as-required\" aria-required=\"true\" aria-invalid=\"false\" placeholder=\"Pedido especial\" name=\"PedidoEspecial\"><\/textarea><\/span>\n\t\t<\/p>\n\t<\/div>\n\t<div class=\"col-lg-12 col-md-12 col-sm-12 form-group message-btn centred\">\n\t\t<p><button type=\"submit\" class=\"theme-btn-one\">Reservar<\/button>\n\t\t<\/p>\n\t<\/div>\n<\/div><div class=\"wpcf7-response-output\" aria-hidden=\"true\"><\/div>\n<input type=\"hidden\" name=\"trp-form-language\" value=\"pt\"\/><\/form>\n<\/div>\n            <\/div>\n                    <\/div>\n    <\/section>\n    <!-- order-section end -->\n  \n    \t\t\t\t<\/div>\n\t\t\t\t<\/div>\n\t\t\t\t\t<\/div>\n\t\t<\/div>\n\t\t\t\t\t<\/div>\n\t\t<\/section>\n\t\t\t\t<\/div>","protected":false},"excerpt":{"rendered":"<p>Unforgettable Celebrations Group Dinning at Thai Vilamoura Birthdays &#038; Anniversaries Celebrate your Birthday \/ Anniversary at Thai VilamouraLooking for the perfect place to celebrate your birthday or Anniversary?At Thai Vilamoura, we turn every celebration into a unique and unforgettable moment.We offer a personalised menu for your group and a warm, inviting atmosphere that combines the [&hellip;]<\/p>","protected":false},"author":1,"featured_media":0,"parent":0,"menu_order":0,"comment_status":"closed","ping_status":"closed","template":"tpl-default-elementor.php","meta":{"footnotes":""},"class_list":["post-23","page","type-page","status-publish","hentry"],"_links":{"self":[{"href":"https:\/\/thai.pt\/pt\/wp-json\/wp\/v2\/pages\/23","targetHints":{"allow":["GET"]}}],"collection":[{"href":"https:\/\/thai.pt\/pt\/wp-json\/wp\/v2\/pages"}],"about":[{"href":"https:\/\/thai.pt\/pt\/wp-json\/wp\/v2\/types\/page"}],"author":[{"embeddable":true,"href":"https:\/\/thai.pt\/pt\/wp-json\/wp\/v2\/users\/1"}],"replies":[{"embeddable":true,"href":"https:\/\/thai.pt\/pt\/wp-json\/wp\/v2\/comments?post=23"}],"version-history":[{"count":26,"href":"https:\/\/thai.pt\/pt\/wp-json\/wp\/v2\/pages\/23\/revisions"}],"predecessor-version":[{"id":1327,"href":"https:\/\/thai.pt\/pt\/wp-json\/wp\/v2\/pages\/23\/revisions\/1327"}],"wp:attachment":[{"href":"https:\/\/thai.pt\/pt\/wp-json\/wp\/v2\/media?parent=23"}],"curies":[{"name":"wp","href":"https:\/\/api.w.org\/{rel}","templated":true}]}}