{"id":22,"date":"2022-09-20T11:54:53","date_gmt":"2022-09-20T11:54:53","guid":{"rendered":"https:\/\/fastwpdemo.com\/newwp\/ticrou\/?page_id=22"},"modified":"2024-10-23T18:07:03","modified_gmt":"2024-10-23T18:07:03","slug":"about-us","status":"publish","type":"page","link":"https:\/\/thai.pt\/pt\/about-us\/","title":{"rendered":"Sobre n\u00f3s"},"content":{"rendered":"<div data-elementor-type=\"wp-page\" data-elementor-id=\"22\" class=\"elementor elementor-22\" data-elementor-post-type=\"page\">\n\t\t\t\t\t\t<section class=\"elementor-section elementor-top-section elementor-element elementor-element-26f5712 elementor-section-full_width elementor-section-height-default elementor-section-height-default elementor-invisible\" data-id=\"26f5712\" data-element_type=\"section\" data-settings=\"{&quot;animation&quot;:&quot;fadeIn&quot;}\">\n\t\t\t\t\t\t<div class=\"elementor-container elementor-column-gap-default\">\n\t\t\t\t\t<div class=\"elementor-column elementor-col-100 elementor-top-column elementor-element elementor-element-44a7caf\" data-id=\"44a7caf\" data-element_type=\"column\">\n\t\t\t<div class=\"elementor-widget-wrap elementor-element-populated\">\n\t\t\t\t\t\t<div class=\"elementor-element elementor-element-393a4d7 elementor-widget elementor-widget-ticrou_about_us_v2\" data-id=\"393a4d7\" data-element_type=\"widget\" data-widget_type=\"ticrou_about_us_v2.default\">\n\t\t\t\t<div class=\"elementor-widget-container\">\n\t\t\t\t\t    \n    <!-- about-style-two -->\n    <section class=\"about-style-two sec-pad\">\n                <div class=\"shape\">\n            <div class=\"shape-1\" style=\"background-image: url(https:\/\/thai.pt\/wp-content\/themes\/ticrou\/assets\/images\/shape\/shape-24.png);\"><\/div>\n            <div class=\"shape-2\" style=\"background-image: url(https:\/\/thai.pt\/wp-content\/themes\/ticrou\/assets\/images\/shape\/shape-25.png);\"><\/div>\n        <\/div>\n                <div class=\"auto-container\">\n                        <div class=\"sec-title centred mb_40\">\n                <span class=\"sub-title\">Sobre n\u00f3s<\/span>                <h2>Tradi\u00e7\u00e3o e Excel\u00eancia <br \/>Desde <span>2003<\/span><\/h2>            <\/div>\n                        <div class=\"text-inner p_relative d_block mb_60\">\n                <div class=\"row clearfix\">\n                                        <div class=\"col-lg-6 col-md-12 col-sm-12 text-column\">\n                        <div class=\"text mr_30\">\n                            <p>Bem-vindo ao Thai Vilamoura, onde trazemos os sabores aut\u00eanticos da Tail\u00e2ndia para o cora\u00e7\u00e3o do Algarve. Fundado em 2003, temos orgulho em servir a melhor culin\u00e1ria tailandesa de Vilamoura h\u00e1 quase duas d\u00e9cadas. Sob a lideran\u00e7a dedicada de Jo\u00e3o Guerreiro, uma figura respeitada e bem conhecida na regi\u00e3o, o nosso restaurante tornou-se um destino querido tanto para locais como para visitantes que procuram uma experi\u00eancia gastron\u00f3mica excecional.<\/p>\n                               \n<p>No Thai Vilamoura, acreditamos que jantar \u00e9 mais do que uma refei\u00e7\u00e3o\u2014\u00e9 uma jornada. O nosso menu celebra a rica heran\u00e7a culin\u00e1ria da Tail\u00e2ndia, preparado com ingredientes frescos e ex\u00f3ticos, utilizando m\u00e9todos tradicionais pelos nossos talentosos chefs tailandeses. Cada prato \u00e9 cuidadosamente criado para oferecer um equil\u00edbrio harmonioso de sabores, que encantar\u00e1 o seu paladar e o transportar\u00e1 para as vibrantes ruas da Tail\u00e2ndia.<\/p>                        <\/div>\n                    <\/div>\n                                                            <div class=\"col-lg-6 col-md-12 col-sm-12 text-column\">\n                        <div class=\"text ml_30\">\n                            <p>A nossa atmosfera acolhedora e convidativa combina a eleg\u00e2ncia da cultura tailandesa com o charme de Vilamoura. O interior \u00e9 decorado com aut\u00eanticos elementos tailandeses, criando um ambiente sofisticado e confort\u00e1vel. Quer esteja a desfrutar de um jantar \u00edntimo a dois, de uma alegre reuni\u00e3o familiar ou de uma animada celebra\u00e7\u00e3o de grupo, a nossa equipa atenta est\u00e1 dedicada a tornar a sua visita verdadeiramente memor\u00e1vel.<\/p>\n                                <p>Somos apaixonados por oferecer um servi\u00e7o excecional e experi\u00eancias inesquec\u00edveis. Junte-se a n\u00f3s no Thai Vilamoura e descubra por que somos celebrados pela nossa tradi\u00e7\u00e3o e excel\u00eancia desde 2004. Deixe-nos lev\u00e1-lo numa jornada culin\u00e1ria que combina as ricas tradi\u00e7\u00f5es da cozinha tailandesa com o calor e a hospitalidade que nos definem.<\/p>\n<p><b>Reserve hoje a sua mesa e fa\u00e7a parte da nossa hist\u00f3ria. Estamos ansiosos por receb\u00ea-lo!<\/b><\/p>                        <\/div>\n                    <\/div>\n                                    <\/div>\n            <\/div>\n                    <\/div>\n    <\/section>\n    <!-- about-style-two end -->\n \n    \t\t\t\t<\/div>\n\t\t\t\t<\/div>\n\t\t\t\t\t<\/div>\n\t\t<\/div>\n\t\t\t\t\t<\/div>\n\t\t<\/section>\n\t\t\t\t<section class=\"elementor-section elementor-top-section elementor-element elementor-element-1a92b17 elementor-section-full_width elementor-section-height-default elementor-section-height-default elementor-invisible\" data-id=\"1a92b17\" data-element_type=\"section\" data-settings=\"{&quot;animation&quot;:&quot;slideInRight&quot;}\">\n\t\t\t\t\t\t<div class=\"elementor-container elementor-column-gap-default\">\n\t\t\t\t\t<div class=\"elementor-column elementor-col-100 elementor-top-column elementor-element elementor-element-27be1df\" data-id=\"27be1df\" data-element_type=\"column\">\n\t\t\t<div class=\"elementor-widget-wrap elementor-element-populated\">\n\t\t\t\t\t\t<div class=\"elementor-element elementor-element-fb9d8f2 elementor-widget elementor-widget-ticrou_our_history_v1\" data-id=\"fb9d8f2\" data-element_type=\"widget\" data-widget_type=\"ticrou_our_history_v1.default\">\n\t\t\t\t<div class=\"elementor-widget-container\">\n\t\t\t\t\t    \n    <!-- story-section -->\n    <section class=\"story-section bg-color-1\">\n        <div class=\"auto-container\">\n                        <div class=\"sec-title light mb_50\">\n                <span class=\"sub-title\">A nossa Hist\u00f3ria<\/span>                <h2>Saiba Mais Sobre <br \/><span>Thai Vilamoura<\/span><\/h2>            <\/div>\n                        <div class=\"story-content\">\n                <div class=\"story-carousel owl-carousel owl-theme owl-dots-none nav-style-one\">\n                                        <div class=\"story-block-one\">\n                        <div class=\"inner-box\">\n                            <span class=\"year\">2003<\/span>                            <figure class=\"image-box\"><img decoding=\"async\" src=\"https:\/\/thai.pt\/wp-content\/uploads\/2024\/10\/Thai-Joao-Guerreiro.jpg\" alt=\"Awesome Image\"><\/figure>                                                        <div class=\"lower-content\">\n                                <h4><a href=\"\">O in\u00edcio de uma jornada culin\u00e1ria.<\/a><\/h4>                                <p>O Thai Vilamoura abre as portas no dia 11 de Julho de 2003, trazendo a aut\u00eantica cozinha tailandesa para o Algarve, sob a lideran\u00e7a de Jo\u00e3o Guerreiro<\/p>                            <\/div>\n                                                    <\/div>\n                    <\/div>\n                                        <div class=\"story-block-one\">\n                        <div class=\"inner-box\">\n                            <span class=\"year\">2010<\/span>                            <figure class=\"image-box\"><img decoding=\"async\" src=\"https:\/\/thai.pt\/wp-content\/uploads\/2024\/10\/Esplanada2015.jpg\" alt=\"Awesome Image\"><\/figure>                                                        <div class=\"lower-content\">\n                                <h4><a href=\"\">Expans\u00e3o e Reconhecimento<\/a><\/h4>                                <p>Uma nova era de excel\u00eancia tailandesa. Com mais espa\u00e7o e crescente reconhecimento, o Thai Vilamoura estabelece-se como um dos principais restaurantes da regi\u00e3o.<\/p>                            <\/div>\n                                                    <\/div>\n                    <\/div>\n                                        <div class=\"story-block-one\">\n                        <div class=\"inner-box\">\n                            <span class=\"year\">2015<\/span>                            <figure class=\"image-box\"><img decoding=\"async\" src=\"https:\/\/thai.pt\/wp-content\/uploads\/2024\/10\/13238911_868805176574656_2079094678499696505_n.jpg\" alt=\"Awesome Image\"><\/figure>                                                        <div class=\"lower-content\">\n                                <h4><a href=\"\">Pr\u00e9mios de Culin\u00e1ria<\/a><\/h4>                                <p>O Thai Vilamoura recebe v\u00e1rios pr\u00e9mios de culin\u00e1ria, consolidando o seu status como um dos principais destinos para sabores tailandeses.<\/p>                            <\/div>\n                                                    <\/div>\n                    <\/div>\n                                        <div class=\"story-block-one\">\n                        <div class=\"inner-box\">\n                            <span class=\"year\">2024<\/span>                            <figure class=\"image-box\"><img decoding=\"async\" src=\"https:\/\/thai.pt\/wp-content\/uploads\/2024\/10\/ThaiVilamoura20Anos.jpeg\" alt=\"Awesome Image\"><\/figure>                                                        <div class=\"lower-content\">\n                                <h4><a href=\"\">Duas d\u00e9cadas de tradi\u00e7\u00e3o e excel\u00eancia<\/a><\/h4>                                <p>A celebrar 20 anos a servir comida tailandesa aut\u00eantica, com uma dedica\u00e7\u00e3o cont\u00ednua \u00e0 qualidade e inova\u00e7\u00e3o.<\/p>                            <\/div>\n                                                    <\/div>\n                    <\/div>\n                                    <\/div>\n            <\/div>\n        <\/div>\n    <\/section>\n    <!-- story-section end -->\n \n    \t\t\t\t<\/div>\n\t\t\t\t<\/div>\n\t\t\t\t\t<\/div>\n\t\t<\/div>\n\t\t\t\t\t<\/div>\n\t\t<\/section>\n\t\t\t\t<section class=\"elementor-section elementor-top-section elementor-element elementor-element-eb7d73c elementor-section-full_width elementor-section-height-default elementor-section-height-default elementor-invisible\" data-id=\"eb7d73c\" data-element_type=\"section\" data-settings=\"{&quot;animation&quot;:&quot;fadeInLeft&quot;}\">\n\t\t\t\t\t\t<div class=\"elementor-container elementor-column-gap-default\">\n\t\t\t\t\t<div class=\"elementor-column elementor-col-100 elementor-top-column elementor-element elementor-element-53a9b08\" data-id=\"53a9b08\" data-element_type=\"column\">\n\t\t\t<div class=\"elementor-widget-wrap elementor-element-populated\">\n\t\t\t\t\t\t<div class=\"elementor-element elementor-element-4fdc9ce elementor-widget elementor-widget-ticrou_our_services_v1\" data-id=\"4fdc9ce\" data-element_type=\"widget\" data-widget_type=\"ticrou_our_services_v1.default\">\n\t\t\t\t<div class=\"elementor-widget-container\">\n\t\t\t\t\t        \n        <!-- service-section -->\n        <section class=\"service-section sec-pad centred\">\n            <div class=\"pattern-layer\" style=\"background-image: url(https:\/\/thai.pt\/wp-content\/themes\/ticrou\/assets\/images\/shape\/shape-2.png);\"><\/div>            <div class=\"auto-container\">\n                                <div class=\"sec-title mb_50\">\n                    <span class=\"sub-title\">Celebra\u00e7\u00f5es Inesquec\u00edveis<\/span>                    <h2>Jantares de Grupo\n<br \/>no Thai Vilamoura<\/h2>                <\/div>\n                                <div class=\"row clearfix\">\n                                        <div class=\"col-lg-3 col-md-6 col-sm-12 service-block\">\n                        <div class=\"service-block-one wow fadeInUp animated\" data-wow-delay=\"00ms\" data-wow-duration=\"1500ms\">\n                            <div class=\"inner-box\">\n                                <div class=\"icon-box\"><i class=\"fa fa-birthday-cake\"><\/i><\/div>\n                                <h3><a href=\"https:\/\/thai.pt\/pt\/service\/birthdays-and-anniversaries\/\">Anivers\u00e1rios<\/a><\/h3>\n                                <p>Procura o local perfeito para celebrar o seu anivers\u00e1rio? \nNo Thai Vilamoura, transformamos cada comemora\u00e7\u00e3o num momento \u00fanico e inesquec\u00edvel...<\/p>\n                                <div class=\"btn-box\">\n                                    <a href=\"https:\/\/thai.pt\/pt\/service\/birthdays-and-anniversaries\/\" class=\"theme-btn-two\">Read more<\/a>\n                                <\/div>\n                            <\/div>\n                        <\/div>\n                    <\/div>\n                                        <div class=\"col-lg-3 col-md-6 col-sm-12 service-block\">\n                        <div class=\"service-block-one wow fadeInUp animated\" data-wow-delay=\"00ms\" data-wow-duration=\"1500ms\">\n                            <div class=\"inner-box\">\n                                <div class=\"icon-box\"><i class=\"fa fa-heart-circle\"><\/i><\/div>\n                                <h3><a href=\"https:\/\/thai.pt\/pt\/service\/family-gatherings\/\">Grupos Familiares<\/a><\/h3>\n                                <p>No Thai Vilamoura, valorizamos a import\u00e2ncia da fam\u00edlia. Quer esteja a celebrar uma reuni\u00e3o familiar, um marco especial...<\/p>\n                                <div class=\"btn-box\">\n                                    <a href=\"https:\/\/thai.pt\/pt\/service\/family-gatherings\/\" class=\"theme-btn-two\">Read more<\/a>\n                                <\/div>\n                            <\/div>\n                        <\/div>\n                    <\/div>\n                                        <div class=\"col-lg-3 col-md-6 col-sm-12 service-block\">\n                        <div class=\"service-block-one wow fadeInUp animated\" data-wow-delay=\"00ms\" data-wow-duration=\"1500ms\">\n                            <div class=\"inner-box\">\n                                <div class=\"icon-box\"><i class=\"fa fa-glass-cheers\"><\/i><\/div>\n                                <h3><a href=\"https:\/\/thai.pt\/pt\/service\/friends-gatherings\/\">Grupos de Amigos<\/a><\/h3>\n                                <p>Procura o local ideal para reunir os seus amigos? Seja um encontro casual ou uma celebra\u00e7\u00e3o especial, o Thai Vilamoura oferece o cen\u00e1rio perfeito...<\/p>\n                                <div class=\"btn-box\">\n                                    <a href=\"https:\/\/thai.pt\/pt\/service\/friends-gatherings\/\" class=\"theme-btn-two\">Read more<\/a>\n                                <\/div>\n                            <\/div>\n                        <\/div>\n                    <\/div>\n                                        <div class=\"col-lg-3 col-md-6 col-sm-12 service-block\">\n                        <div class=\"service-block-one wow fadeInUp animated\" data-wow-delay=\"00ms\" data-wow-duration=\"1500ms\">\n                            <div class=\"inner-box\">\n                                <div class=\"icon-box\"><i class=\"icon-21\"><\/i><\/div>\n                                <h3><a href=\"https:\/\/thai.pt\/pt\/service\/corporate-groups\/\">Grupos Corporativos<\/a><\/h3>\n                                <p>No Thai Vilamoura, somos especialistas em organizar eventos corporativos inesquec\u00edveis. Seja um jantar de team building, uma reuni\u00e3o de neg\u00f3cios ou uma celebra\u00e7\u00e3o...<\/p>\n                                <div class=\"btn-box\">\n                                    <a href=\"https:\/\/thai.pt\/pt\/service\/corporate-groups\/\" class=\"theme-btn-two\">Read more<\/a>\n                                <\/div>\n                            <\/div>\n                        <\/div>\n                    <\/div>\n                                    <\/div>\n            <\/div>\n        <\/section>\n        <!-- service-section end -->\n  \n\t\t\t\t\t\t<\/div>\n\t\t\t\t<\/div>\n\t\t\t\t\t<\/div>\n\t\t<\/div>\n\t\t\t\t\t<\/div>\n\t\t<\/section>\n\t\t\t\t<section class=\"elementor-section elementor-top-section elementor-element elementor-element-74a7d18 elementor-section-full_width elementor-section-height-default elementor-section-height-default elementor-invisible\" data-id=\"74a7d18\" data-element_type=\"section\" data-settings=\"{&quot;animation&quot;:&quot;fadeIn&quot;}\">\n\t\t\t\t\t\t<div class=\"elementor-container elementor-column-gap-default\">\n\t\t\t\t\t<div class=\"elementor-column elementor-col-100 elementor-top-column elementor-element elementor-element-22ef9c3\" data-id=\"22ef9c3\" data-element_type=\"column\">\n\t\t\t<div class=\"elementor-widget-wrap elementor-element-populated\">\n\t\t\t\t\t\t<div class=\"elementor-element elementor-element-1657270 elementor-widget elementor-widget-ticrou_our_testimonial_v3\" data-id=\"1657270\" data-element_type=\"widget\" data-widget_type=\"ticrou_our_testimonial_v3.default\">\n\t\t\t\t<div class=\"elementor-widget-container\">\n\t\t\t\t\t    \n    <!-- testimonial-style-three -->\n    <section class=\"testimonial-style-three  sec-pad\">\n                <div class=\"shape\">\n            <div class=\"shape-1\" style=\"background-image: url(https:\/\/thai.pt\/wp-content\/themes\/ticrou\/assets\/images\/shape\/shape-2.png);\"><\/div>\n            <div class=\"shape-2\" style=\"background-image: url(https:\/\/thai.pt\/wp-content\/themes\/ticrou\/assets\/images\/shape\/shape-38.png);\"><\/div>\n        <\/div>\n                <div class=\"image-box\">\n            <figure class=\"image-1\"><img decoding=\"async\" src=\"https:\/\/thai.pt\/wp-content\/uploads\/2024\/09\/Thai-Vilamoura-Reviews_Double.png\" alt=\"Awesome Image\"><\/figure>                                <\/div>\n        <div class=\"auto-container\">\n            <div class=\"row clearfix\">\n                <div class=\"col-xl-6 col-lg-12 col-md-12 offset-xl-6 testimonial-column\">\n                                        <div class=\"sec-title mb_95\">\n                        <span class=\"sub-title\">Testemunhos<\/span>                        <h2>O que dizem os Clientes<\/h2>                    <\/div>\n                                        <div class=\"single-item-carousel owl-carousel owl-theme owl-dots-none\">\n                                                <div class=\"testimonial-block-two\">\n                            <div class=\"inner-box\">\n                                <div class=\"icon-box\"><i class=\"icon-9\"><\/i><\/div>\n                                <p>J\u00e1 fui \u00e1 Tail\u00e2ndia 3 vezes e gosto muito da gastronomia do pa\u00eds. Aqui, neste restaurante encontro os mesmos sabores e aromas que encontrei na Tail\u00e2ndia. Sem d\u00favida um restaurante a ir. Comida muito saborosa, bem confeccionada e produtos muito fracos. Staff muito profissional, simp\u00e1tico e atencioso. N\u00e3o \u00e9 barato mas vale a pena !!!<\/p>\n                                <ul class=\"rating clearfix\">\n                                    <li><i class=\"fas fa-star\"><\/i><\/li><li><i class=\"fas fa-star\"><\/i><\/li><li><i class=\"fas fa-star\"><\/i><\/li><li><i class=\"fas fa-star\"><\/i><\/li><li><i class=\"fas fa-star\"><\/i><\/li>                                <\/ul>\n                                <h4>Cl\u00e1udia Vieira<\/h4>\n                                <span class=\"designation\"><\/span>\n                            <\/div>\n                        <\/div>\n                                                <div class=\"testimonial-block-two\">\n                            <div class=\"inner-box\">\n                                <div class=\"icon-box\"><i class=\"icon-9\"><\/i><\/div>\n                                <p>Comida saborosa e bem confeccionada. Staff simp\u00e1tico. Estacionamento f\u00e1cil. Ambiente descontra\u00eddo e acolhedor.<\/p>\n                                <ul class=\"rating clearfix\">\n                                    <li><i class=\"fas fa-star\"><\/i><\/li><li><i class=\"fas fa-star\"><\/i><\/li><li><i class=\"fas fa-star\"><\/i><\/li><li><i class=\"fas fa-star\"><\/i><\/li><li><i class=\"fas fa-star\"><\/i><\/li>                                <\/ul>\n                                <h4>Rute Batista<\/h4>\n                                <span class=\"designation\"><\/span>\n                            <\/div>\n                        <\/div>\n                                                <div class=\"testimonial-block-two\">\n                            <div class=\"inner-box\">\n                                <div class=\"icon-box\"><i class=\"icon-9\"><\/i><\/div>\n                                <p>Restaurante com uma atmosfera que nos transporta para Tail\u00e2ndia. Comida super saborosa que nos faz recordar a real comida tailandesa. Pre\u00e7o compensa pela experi\u00eancia!<\/p>\n                                <ul class=\"rating clearfix\">\n                                    <li><i class=\"fas fa-star\"><\/i><\/li><li><i class=\"fas fa-star\"><\/i><\/li><li><i class=\"fas fa-star\"><\/i><\/li><li><i class=\"fas fa-star\"><\/i><\/li><li><i class=\"fas fa-star\"><\/i><\/li>                                <\/ul>\n                                <h4>J\u00e9ssica Castanho<\/h4>\n                                <span class=\"designation\"><\/span>\n                            <\/div>\n                        <\/div>\n                                            <\/div>\n                <\/div>\n            <\/div>\n        <\/div>\n    <\/section>\n    <!-- testimonial-style-three end -->\n  \n \t\t\t\t\t<\/div>\n\t\t\t\t<\/div>\n\t\t\t\t\t<\/div>\n\t\t<\/div>\n\t\t\t\t\t<\/div>\n\t\t<\/section>\n\t\t\t\t<\/div>","protected":false},"excerpt":{"rendered":"<p>About Us Tradition and Excellence Since 2003 Welcome to Thai Vilamoura, where we bring the authentic flavors of Thailand to the heart of the Algarve. Established in 2003, we have been proudly serving Thai cuisine, Vilamoura&#8217;s finest, for nearly two decades. Under the dedicated leadership of Jo\u00e3o Guerreiro, a respected and well-known figure in the [&hellip;]<\/p>","protected":false},"author":1,"featured_media":0,"parent":0,"menu_order":0,"comment_status":"closed","ping_status":"closed","template":"tpl-default-elementor.php","meta":{"footnotes":""},"class_list":["post-22","page","type-page","status-publish","hentry"],"_links":{"self":[{"href":"https:\/\/thai.pt\/pt\/wp-json\/wp\/v2\/pages\/22","targetHints":{"allow":["GET"]}}],"collection":[{"href":"https:\/\/thai.pt\/pt\/wp-json\/wp\/v2\/pages"}],"about":[{"href":"https:\/\/thai.pt\/pt\/wp-json\/wp\/v2\/types\/page"}],"author":[{"embeddable":true,"href":"https:\/\/thai.pt\/pt\/wp-json\/wp\/v2\/users\/1"}],"replies":[{"embeddable":true,"href":"https:\/\/thai.pt\/pt\/wp-json\/wp\/v2\/comments?post=22"}],"version-history":[{"count":52,"href":"https:\/\/thai.pt\/pt\/wp-json\/wp\/v2\/pages\/22\/revisions"}],"predecessor-version":[{"id":1481,"href":"https:\/\/thai.pt\/pt\/wp-json\/wp\/v2\/pages\/22\/revisions\/1481"}],"wp:attachment":[{"href":"https:\/\/thai.pt\/pt\/wp-json\/wp\/v2\/media?parent=22"}],"curies":[{"name":"wp","href":"https:\/\/api.w.org\/{rel}","templated":true}]}}